{"id":104,"date":"2012-01-03T18:12:36","date_gmt":"2012-01-03T18:12:36","guid":{"rendered":"http:\/\/juventus.wolzt.at\/?page_id=104"},"modified":"2018-05-31T11:12:26","modified_gmt":"2018-05-31T10:12:26","slug":"die-mitglieder","status":"publish","type":"page","link":"https:\/\/www.v-a-n.at\/?page_id=104","title":{"rendered":"Datenschutzerkl\u00e4rung"},"content":{"rendered":"<h2 style=\"text-align: left;\"><strong>Erkl\u00e4rung zur Informationspflicht (Datenschutzerkl\u00e4rung)<\/strong><\/h2>\n<p>Nachfolgend informieren wir Sie in diesen Datenschutzinformationen \u00fcber die Datenverarbeitungen auf unserer Website. Die Verarbeitung Ihrer Daten wird auf Grundlage der gesetzlichen Bestimmungen durchgef\u00fchrt (Datenschutzgrundverordnung und Telekommunikationsgesetz 2003).<\/p>\n<h4><strong>Verarbeitungen im Zuge von Kontaktaufnahmen<\/strong><\/h4>\n<p>Daten, welche im Zuge von Online-Kontaktaufnahmen via E-Mail oder Online-Formular von Ihnen angegeben wurden, werden zur Bearbeitung der Anfrage und weiterer Abwicklung bis zu einer von uns definierten Dauer gespeichert. Ihre Daten werden nicht ohne Einwilligung weitergegeben.<\/p>\n<h4><strong>Cookies<\/strong><\/h4>\n<p>Auf dieser Website werden Cookies zur Verbesserung der Nutzerfreundlichkeit verwendet. Eine Deaktivierung von Cookies kann die Funktionalit\u00e4t der Website einschr\u00e4nken.<\/p>\n<h4><strong>Web-Analyse<\/strong><\/h4>\n<p>Diese Website benutzt den Webanalysedienst Google Analytics, der Firma Google mit Sitz in den USA (Google LLC, 1600 Amphitheatre Parkway, Mountain View, CA 94043). Es werden somit Daten zur Auswertung an ein EU-Drittland \u00fcbermittelt.<br \/>\nMittels Cookies werden Informationen zur Benutzung der Website gesammelt und zur Analyse an den oben genannten Anbieter \u00fcbertragen. Sie k\u00f6nnen das Speichern von Cookies in Ihrem Browser deaktivieren.<br \/>\nIhre IP-Adresse wird erfasst, aber sobald m\u00f6glich pseudonymisiert. Dadurch ist nur mehr eine grobe Lokalisierung m\u00f6glich.<br \/>\nDie Beziehung zum Webanalyseanbieter basiert auf dem Angemessenheitsbeschluss der Europ\u00e4ischen Kommission im Zuge des \u201cPrivacy Shields\u201d f\u00fcr die USA:\u00a0<a title=\"https:\/\/www.privacyshield.gov\" href=\"https:\/\/www.privacyshield.gov\" target=\"_blank\" rel=\"noopener\">https:\/\/www.privacyshield.gov<\/a><br \/>\nDie Datenverarbeitung erfolgt auf Basis der gesetzlichen Bestimmungen des \u00a7 96 Abs 3 TKG sowie des Art 6 Abs 1 lit a (Einwilligung) und\/oder f (berechtigtes Interesse) der DSGVO.<br \/>\nUnser Anliegen im Sinne der DSGVO (berechtigtes Interesse) ist die Verbesserung unseres Angebotes und unseres Webauftritts. Da uns die Privatsph\u00e4re unserer Nutzer wichtig ist, werden die Nutzerdaten pseudonymisiert.<\/p>\n<h4><strong>Ihre Rechte<\/strong><\/h4>\n<p>Ihnen stehen grunds\u00e4tzlich die Rechte auf Auskunft, Berichtigung, L\u00f6schung, Einschr\u00e4nkung, Daten\u00fcbertragbarkeit, Widerruf und Widerspruch zu. Wenn Sie glauben, dass die Verarbeitung Ihrer Daten gegen das Datenschutzrecht verst\u00f6\u00dft oder Ihre datenschutzrechtlichen Anspr\u00fcche sonst in einer Weise verletzt worden sind, k\u00f6nnen Sie sich bei der Aufsichtsbeh\u00f6rde beschweren. In \u00d6sterreich ist dies die Datenschutzbeh\u00f6rde.<\/p>\n<p>Sie erreichen uns unter folgenden Kontaktdaten:<br \/>\nElisabeth-Joe Harriet<br \/>\nMartinstra\u00dfe 143, 3400 Klosterneuburg<br \/>\n+43 664 \/ 301 16 74 |\u00a0<a href=\"mailto:elisabeth-joe-harriet@aon.at\">elisabeth-joe-harriet@aon.at<\/a><\/p>\n<p>&nbsp;<\/p>\n<h2><strong>Disclaimer<\/strong><\/h2>\n<h4><strong>Inhalt<\/strong><\/h4>\n<p>Wir \u00fcbernehmen keinerlei Gew\u00e4hr f\u00fcr die Aktualit\u00e4t, Korrektheit, Vollst\u00e4ndigkeit oder Qualit\u00e4t der bereitgestellten Informationen. Haftungsanspr\u00fcche gegen uns, welche sich auf Sch\u00e4den jeglicher Art beziehen, die durch die Nutzung oder Nicht Nutzung der dargebotenen Informationen bzw. durch die Nutzung fehlerhafter und unvollst\u00e4ndiger Informationen verursacht wurden, sind grunds\u00e4tzlich ausgeschlossen, sofern seitens von uns kein nachweislich vors\u00e4tzliches oder grob fahrl\u00e4ssiges Verschulden vorliegt. Wir behalten uns ausdr\u00fccklich vor, Teile der Seiten (ohne Ank\u00fcndigung) zu ver\u00e4ndern, zu erg\u00e4nzen, zu l\u00f6schen oder die Ver\u00f6ffentlichung zeitweise oder endg\u00fcltig einzustellen.<\/p>\n<h4><strong>Links auf Web-Sites Dritter<\/strong><\/h4>\n<p>Auf die auf unser Web-Site ver\u00f6ffentlichten Links haben wir keinen Einfluss, was die aktuellen und zuk\u00fcnftigen Gestaltungen der Inhalte der verlinkten Seiten angeht. Wir sind nicht f\u00fcr den Inhalt der verkn\u00fcpften Seiten verantwortlich und machen uns den Inhalt nicht zu eigen. F\u00fcr illegale, fehlerhafte oder unvollst\u00e4ndige Inhalte sowie f\u00fcr Sch\u00e4den, die durch die Nutzung oder Nichtnutzung der Informationen entstehen, haftet allein der Anbieter der Web-Site, auf die verwiesen wurde.<\/p>\n<h4><strong>Eigentum<\/strong><\/h4>\n<p>Alle Fotos\/Zeichnungen und Texte sind unser Eigentum und sind ohne Genehmigung nicht weiter verwendbar. Bei unerlaubter Verwendung behalten wir uns rechtliche Schritte sowie Schadenersatzforderungen vor.<\/p>\n<h4><strong>Private Daten<\/strong><\/h4>\n<p>Es ist nicht erlaubt die angegeben Kontaktdaten f\u00fcr Werbung, Drohung, &#8230; etc zu verwenden! Sie dient nur dem Zweck f\u00fcr das Impressum und dem Kontakt. Bei Missbrauch dieser privaten Daten behalten wir uns rechtliche Schritte sowie Schadensersatzforderung vor.<\/p>\n","protected":false},"excerpt":{"rendered":"<p>Erkl\u00e4rung zur Informationspflicht (Datenschutzerkl\u00e4rung) Nachfolgend informieren wir Sie in diesen Datenschutzinformationen \u00fcber die Datenverarbeitungen auf unserer Website. Die Verarbeitung Ihrer Daten wird auf Grundlage der gesetzlichen Bestimmungen durchgef\u00fchrt (Datenschutzgrundverordnung und Telekommunikationsgesetz 2003). Verarbeitungen im Zuge von Kontaktaufnahmen Daten, welche im Zuge von Online-Kontaktaufnahmen via E-Mail oder Online-Formular von Ihnen angegeben wurden, werden zur Bearbeitung der &hellip; <\/p>\n<p><a class=\"more-link btn\" href=\"https:\/\/www.v-a-n.at\/?page_id=104\">Weiterlesen<\/a><\/p>\n","protected":false},"author":1,"featured_media":0,"parent":0,"menu_order":0,"comment_status":"open","ping_status":"open","template":"","meta":{"footnotes":""},"_links":{"self":[{"href":"https:\/\/www.v-a-n.at\/index.php?rest_route=\/wp\/v2\/pages\/104"}],"collection":[{"href":"https:\/\/www.v-a-n.at\/index.php?rest_route=\/wp\/v2\/pages"}],"about":[{"href":"https:\/\/www.v-a-n.at\/index.php?rest_route=\/wp\/v2\/types\/page"}],"author":[{"embeddable":true,"href":"https:\/\/www.v-a-n.at\/index.php?rest_route=\/wp\/v2\/users\/1"}],"replies":[{"embeddable":true,"href":"https:\/\/www.v-a-n.at\/index.php?rest_route=%2Fwp%2Fv2%2Fcomments&post=104"}],"version-history":[{"count":11,"href":"https:\/\/www.v-a-n.at\/index.php?rest_route=\/wp\/v2\/pages\/104\/revisions"}],"predecessor-version":[{"id":1668,"href":"https:\/\/www.v-a-n.at\/index.php?rest_route=\/wp\/v2\/pages\/104\/revisions\/1668"}],"wp:attachment":[{"href":"https:\/\/www.v-a-n.at\/index.php?rest_route=%2Fwp%2Fv2%2Fmedia&parent=104"}],"curies":[{"name":"wp","href":"https:\/\/api.w.org\/{rel}","templated":true}]}}