{"id":1360,"date":"2012-11-19T15:41:53","date_gmt":"2012-11-19T14:41:53","guid":{"rendered":"http:\/\/van.elisabeth-joe-harriet.com\/?page_id=1360"},"modified":"2024-05-08T22:04:53","modified_gmt":"2024-05-08T21:04:53","slug":"lyrik-prosa","status":"publish","type":"page","link":"https:\/\/www.v-a-n.at\/?page_id=1360","title":{"rendered":"Lyrik &#038; Prosa"},"content":{"rendered":"<div class=\"wp-block-image\">\n<figure class=\"aligncenter is-resized\"><img loading=\"lazy\" decoding=\"async\" width=\"630\" height=\"249\" src=\"http:\/\/van.elisabeth-joe-harriet.com\/wp-content\/uploads\/2012\/11\/lyrik.jpg\" alt=\"\" class=\"wp-image-1410\" style=\"width:974px;height:auto\" title=\"lyrik\" srcset=\"https:\/\/www.v-a-n.at\/wp-content\/uploads\/2012\/11\/lyrik.jpg 630w, https:\/\/www.v-a-n.at\/wp-content\/uploads\/2012\/11\/lyrik-80x31.jpg 80w\" sizes=\"(max-width: 630px) 100vw, 630px\" \/><\/figure><\/div>\n\n\n<p>Manchmal ergibt es sich ganz einfach, dass B\u00fccher entstehen m\u00fcssen &#8211;  gute Autoren geh\u00f6ren ganz einfach verlegt!<\/p>\n\n\n<div class=\"pt-cv-wrapper\"><div class=\"pt-cv-view pt-cv-collapsible\" id=\"pt-cv-view-4cde978gv5\"><div data-id=\"pt-cv-page-1\" class=\"pt-cv-page\" data-cvc=\"1\"><div class=\"panel-group\" id=\"4c640ac9sv\"><div class=\"panel panel-default pt-cv-content-item pt-cv-2-col\" >\r\n<div class=\"panel-heading pt-cv-title\">\r\n    <a class=\"panel-title\" data-toggle=\"cvcollapse\" data-parent=\"#4c640ac9sv\" data-target=\"#c26c5c20gk\" href='https:\/\/www.v-a-n.at\/?p=1640' onclick='event.preventDefault()'>\r\n\t\tBleib du mir k\u00fcnftig vom Leibe\t<\/a>\r\n\t<\/div>\r\n<div id=\"c26c5c20gk\" class=\"panel-collapse collapse \">\r\n\t<div class=\"panel-body\">\r\n\t\t<div class=\"pt-cv-content\"><div class=\"wp-block-image\">\n<figure class=\"alignleft\"><img loading=\"lazy\" decoding=\"async\" width=\"213\" height=\"300\" src=\"https:\/\/www.v-a-n.at\/wp-content\/uploads\/Bleib-du-mir-Coverbild-213x300.jpg\" alt=\"\" class=\"wp-image-1657\" title=\"Bleib du mir Coverbild\" srcset=\"https:\/\/www.v-a-n.at\/wp-content\/uploads\/Bleib-du-mir-Coverbild-213x300.jpg 213w, https:\/\/www.v-a-n.at\/wp-content\/uploads\/Bleib-du-mir-Coverbild-71x100.jpg 71w, https:\/\/www.v-a-n.at\/wp-content\/uploads\/Bleib-du-mir-Coverbild-728x1024.jpg 728w, https:\/\/www.v-a-n.at\/wp-content\/uploads\/Bleib-du-mir-Coverbild.jpg 1807w\" sizes=\"(max-width: 213px) 100vw, 213px\" \/><\/figure><\/div>\n\n\n<p><strong>Nie abgesandte Briefe diverser Frauen an M\u00e4nner<\/strong><\/p>\n\n\n\n<p><strong>Ein weibliches Decamerone <\/strong><br><strong>von Elisabeth-Joe Harriet<\/strong><\/p>\n\n\n\n<p>M\u00e4rz 2017 | Hardcover, 72 Seiten<br>\u20ac 16,50 | ISBN 978-3-9503556-6-6<\/p>\n\n\n\n<div class=\"wp-block-buttons has-custom-font-size is-layout-flex wp-block-buttons-is-layout-flex\" style=\"font-size:12px\">\n<div class=\"wp-block-button has-custom-font-size has-small-font-size\"><a class=\"wp-block-button__link has-background wp-element-button\" href=\"mailto:bestellung@v-a-n.at?subject=Bestellung&amp;body=Ich%20bestelle%20...%20St\u00fcck%20'Bleib du mir k\u00fcnftig vom Leibe'%0A%0ARechnungsadresse:  %0A%0ALieferadresse:\" style=\"border-radius:5px;background-color:#990000\">Bestellen<\/a><\/div>\n<\/div>\n\n\n\n<p>Was Frauen aller Altersstufen sich \u00fcber Beziehungen mit M\u00e4nnern denken, vielleicht mit anderen Frauen dar\u00fcber reden, oftmals schreiben, aber niemals abschicken. Diverse Frauen haben der Autorin ihre Erlebnisse unterschiedlichster Art mit M\u00e4nnern erz\u00e4hlt und daraus entstand dieser Band, der auch als ein weibliches Decamerone in Briefform bezeichnet werden kann. Es sind Briefe, die einen Schlussstrich ziehen, Geschehnisse Revue passieren lassen, sich dankbar erinnern oder auch abrechnen.<br>Frech, nachdenklich, zynisch, skurril, frivol, witzig, liebevoll. Ein facettenreiches Abbild weiblichen Empfindens.<br>Und daher auch sehr lehrreich f\u00fcr M\u00e4nner!<\/p>\n\n\n\n<h4 class=\"wp-block-heading\"><strong><span style=\"color: #990000;\">Leserstimmen<\/span><\/strong><\/h4>\n\n\n\n<p><em>&#8222;Ein k\u00f6stliches Buch, ich habe in viele Stellen hinein gelesen und erfreue mich an dem witzigen und gleichzeitig edlen Stil.&#8220; <\/em><br>Renate Edelbauer<\/p>\n\n\n\n<p><em>&#8222;Das Buch \u201aBleib du mir k\u00fcnftig vom Leibe\u2018 habe ich sofort ausgelesen, hat mir gut gefallen, vor allen Dingen die Ausdrucksweise und der Humor.&#8220; <\/em><br>Ulrike Sandler<\/p>\n\n\n\n<p><em>&#8222;Sollten m\u00f6glichst viele M\u00e4nner lesen, dann gibt&#8217;s vielleicht weniger &#8218;Gockeln&#8216; gibt! M\u00f6gen noch weitere Briefe folgen!&#8220;<\/em><br>Robert Zwettler<\/p>\n<\/div>\t<\/div>\r\n<\/div><\/div>\n<div class=\"panel panel-default pt-cv-content-item pt-cv-2-col\" >\r\n<div class=\"panel-heading pt-cv-title\">\r\n    <a class=\"panel-title\" data-toggle=\"cvcollapse\" data-parent=\"#4c640ac9sv\" data-target=\"#254bfe1o59\" href='https:\/\/www.v-a-n.at\/?p=1602' onclick='event.preventDefault()'>\r\n\t\tGESCHRIEBEN\t<\/a>\r\n\t<\/div>\r\n<div id=\"254bfe1o59\" class=\"panel-collapse collapse \">\r\n\t<div class=\"panel-body\">\r\n\t\t<div class=\"pt-cv-content\"><div class=\"wp-block-image\">\n<figure class=\"alignleft\"><img loading=\"lazy\" decoding=\"async\" width=\"200\" height=\"300\" src=\"https:\/\/www.v-a-n.at\/wp-content\/uploads\/Geschrieben-200x300.jpg\" alt=\"\" class=\"wp-image-1616\" title=\"Geschrieben\" srcset=\"https:\/\/www.v-a-n.at\/wp-content\/uploads\/Geschrieben-200x300.jpg 200w, https:\/\/www.v-a-n.at\/wp-content\/uploads\/Geschrieben-66x100.jpg 66w, https:\/\/www.v-a-n.at\/wp-content\/uploads\/Geschrieben-684x1024.jpg 684w, https:\/\/www.v-a-n.at\/wp-content\/uploads\/Geschrieben.jpg 713w\" sizes=\"(max-width: 200px) 100vw, 200px\" \/><\/figure><\/div>\n\n\n<p><strong>von Manfred Waldenmair-Lackenbach<\/strong><\/p>\n\n\n\n<p>erschienen 2016 | Hardcover, 180 Seiten<br>\u20ac 19,80 | ISBN\u00a0978-3-9503556-5-9<\/p>\n\n\n\n<div class=\"wp-block-buttons is-layout-flex wp-block-buttons-is-layout-flex\">\n<div class=\"wp-block-button has-custom-font-size has-small-font-size\"><a class=\"wp-block-button__link has-background wp-element-button\" href=\"mailto:bestellung@v-a-n.at?subject=Bestellung&amp;body=Ich%20bestelle%20...%20St\u00fcck%20'Gedichtet'%0A%0ARechnungsadresse:  %0A%0ALieferadresse:\" style=\"border-radius:5px;background-color:#990000\">Bestellen<\/a><\/div>\n<\/div>\n\n\n\n<p>Geschichten zur Lust ebenso wie welche \u00fcber frustrierende Erlebnisse. Dazu&nbsp;L\u00e4cherliches, Kleines und Gro\u00dfes. In diesem Buch sind viele Themen vereint, die den&nbsp;Leser immer wieder aufs Neue \u00fcberraschen. Manches wird ihn betroffen machen,&nbsp;anderes zum Schmunzeln anregen.<br>Denn nicht nur die Inhalte sind ungew\u00f6hnlich, auch der Stil passt in kein g\u00e4ngiges&nbsp;Schema. Der Autor erz\u00e4hlt mit klaren und pr\u00e4zisen Worten ohne Effekthascherei.&nbsp;Doch nach manchen S\u00e4tzen wird der Leser wohl stutzen \u2013 um sie danach in&nbsp;Gedanken zu wiederholen.<\/p>\n\n\n\n<p><em>&#8222;\u2026Als er einige Jahre sp\u00e4ter seinen F\u00fchrerschein wegen Trunkenheit verlor und&nbsp;seinen Beruf als Chauffeur aufgeben musste, schien er gar nicht so traurig. Er&nbsp;dachte wohl an viel freie Zeit f\u00fcr den Fu\u00dfballplatz. Trotzdem d\u00fcrfte es Absicht&nbsp;gewesen sein, als er zwei Tage sp\u00e4ter mit hundert Stundenkilometern gegen den&nbsp;Betonpfeiler raste.&#8220;<\/em><\/p>\n\n\n\n<p><strong>Manfred Waldenmair-Lackenbach<br><\/strong>ist&nbsp;studierter (Kunst-)Historiker, gelernter&nbsp;Kommunikationsberater, erfolgreicher&nbsp;Unternehmer und passionierter Autor.&nbsp;Mehrere B\u00fccher. Zahlreiche Publikationen&nbsp;in Zeitungen und Magazinen sowie&nbsp;Anthologien, zum Teil auch unter&nbsp;verschiedenen Pseudonymen.<\/p>\n<\/div>\t<\/div>\r\n<\/div><\/div>\n<div class=\"panel panel-default pt-cv-content-item pt-cv-2-col\" >\r\n<div class=\"panel-heading pt-cv-title\">\r\n    <a class=\"panel-title\" data-toggle=\"cvcollapse\" data-parent=\"#4c640ac9sv\" data-target=\"#54defcby3i\" href='https:\/\/www.v-a-n.at\/?p=1601' onclick='event.preventDefault()'>\r\n\t\tGEDICHTET\t<\/a>\r\n\t<\/div>\r\n<div id=\"54defcby3i\" class=\"panel-collapse collapse \">\r\n\t<div class=\"panel-body\">\r\n\t\t<div class=\"pt-cv-content\"><div class=\"wp-block-image\">\n<figure class=\"alignleft\"><img loading=\"lazy\" decoding=\"async\" width=\"200\" height=\"300\" src=\"https:\/\/www.v-a-n.at\/wp-content\/uploads\/Gedichtet-200x300.jpg\" alt=\"\" class=\"wp-image-1610\" title=\"Gedichtet\" srcset=\"https:\/\/www.v-a-n.at\/wp-content\/uploads\/Gedichtet-200x300.jpg 200w, https:\/\/www.v-a-n.at\/wp-content\/uploads\/Gedichtet-66x100.jpg 66w, https:\/\/www.v-a-n.at\/wp-content\/uploads\/Gedichtet-684x1024.jpg 684w, https:\/\/www.v-a-n.at\/wp-content\/uploads\/Gedichtet.jpg 713w\" sizes=\"(max-width: 200px) 100vw, 200px\" \/><\/figure><\/div>\n\n\n<p><strong>von Manfred Waldenmair-Lackenbach<\/strong><\/p>\n\n\n\n<p>erschienen 2016 | Hardcover, 120 Seiten<br>\u20ac 16,50 | ISBN 978-3-9503556-4-2<\/p>\n\n\n\n<div class=\"wp-block-buttons is-layout-flex wp-block-buttons-is-layout-flex\">\n<div class=\"wp-block-button has-custom-font-size has-small-font-size\"><a class=\"wp-block-button__link has-background wp-element-button\" href=\"mailto:bestellung@v-a-n.at?subject=Bestellung&amp;body=Ich%20bestelle%20...%20St\u00fcck%20'Gedichtet'%0A%0ARechnungsadresse:  %0A%0ALieferadresse:\" style=\"border-radius:5px;background-color:#990000\">Bestellen<\/a><\/div>\n<\/div>\n\n\n\n<p>Gedichte \u00fcber vier Jahrzehnte hinweg gesammelt. Ein schmales Buch mit vielen&nbsp;Themen. Gedanken zu Liebe, Leben, Tr\u00e4umen oder den gro\u00dfen und kleinen Fragen&nbsp;der Menschen. Unerwartet, weil von den unterschiedlichsten Standpunkten aus&nbsp;betrachtet. Weder romantisch verbr\u00e4mt noch literarischen Moden folgend&nbsp;verfremdet, daf\u00fcr ungew\u00f6hnlich im Blickwinkel und der Aussage. Die Sprache klar,&nbsp;pr\u00e4zise und stets voll Verst\u00e4ndnis.<\/p>\n\n\n\n<p>Lesen, nachdenken, wirken lassen. Die Gebrauchsanweisung f\u00fcr diese Sammlung ist&nbsp;einfach. Aber sie wirkt.<\/p>\n\n\n\n<p><em>Du.<br>Du bist sch\u00f6n,<br>sagen alle, die dich bewundern.<br>Du.<br>Du bist nett,<br>sagen alle, die dich kennen.<br>Du.<br>Du bist du,<br>sagt er, der dich liebt.<\/em><\/p>\n\n\n\n<p><strong>Manfred Waldenmair-Lackenbach<\/strong><br>ist&nbsp;studierter (Kunst-)Historiker, gelernter&nbsp;Kommunikationsberater, erfolgreicher&nbsp;Unternehmer und passionierter Autor.&nbsp;Mehrere B\u00fccher. Zahlreiche Publikationen&nbsp;in Zeitungen und Magazinen sowie&nbsp;Anthologien, zum Teil auch unter&nbsp;verschiedenen Pseudonymen. Mit&nbsp;GEDICHTET legt der Autor seinen ersten&nbsp;Lyrik-Band vor.<\/p>\n<\/div>\t<\/div>\r\n<\/div><\/div>\n<div class=\"panel panel-default pt-cv-content-item pt-cv-2-col\" >\r\n<div class=\"panel-heading pt-cv-title\">\r\n    <a class=\"panel-title\" data-toggle=\"cvcollapse\" data-parent=\"#4c640ac9sv\" data-target=\"#698a9943du\" href='https:\/\/www.v-a-n.at\/?p=1567' onclick='event.preventDefault()'>\r\n\t\tDie unvollendete Geliebte\t<\/a>\r\n\t<\/div>\r\n<div id=\"698a9943du\" class=\"panel-collapse collapse \">\r\n\t<div class=\"panel-body\">\r\n\t\t<div class=\"pt-cv-content\"><div class=\"wp-block-image\">\n<figure class=\"alignleft\"><img loading=\"lazy\" decoding=\"async\" width=\"180\" height=\"271\" src=\"https:\/\/www.v-a-n.at\/wp-content\/uploads\/Cover-Waissnix.jpg\" alt=\"\" class=\"wp-image-1568\" title=\"Die unvollendete Geliebte\" srcset=\"https:\/\/www.v-a-n.at\/wp-content\/uploads\/Cover-Waissnix.jpg 180w, https:\/\/www.v-a-n.at\/wp-content\/uploads\/Cover-Waissnix-66x100.jpg 66w\" sizes=\"(max-width: 180px) 100vw, 180px\" \/><\/figure><\/div>\n\n\n<h3 class=\"wp-block-heading\"><strong>Olga Waissnix &amp; Arthur Schnitzler<\/strong><\/h3>\n\n\n\n<p><strong>von Elisabeth-Joe Harriet<\/strong><\/p>\n\n\n\n<p>erschienen 2015 | Amalthea Verlag, 256 Seiten<br>Preis \u20ac 22,95 | ISBN 978-3-85002-907-0<br>mit Signatur und Versandkosten von nur \u20ac 2,00 statt \u20ac 4,00<\/p>\n\n\n\n<div class=\"wp-block-buttons is-layout-flex wp-block-buttons-is-layout-flex\">\n<div class=\"wp-block-button has-custom-font-size has-small-font-size\"><a class=\"wp-block-button__link has-background wp-element-button\" href=\"mailto:bestellung@v-a-n.at?subject=Bestellung&amp;body=Ich%20bestelle%20...%20St\u00fcck%20'Elisabeth-Joe%20Harriet%20-%20Die%20unvollendete%20Geliebte%0A%0ARechnungsadresse: %0A%0ALieferadresse:\" style=\"border-radius:5px;background-color:#990000\">Bestellen<\/a><\/div>\n<\/div>\n\n\n\n<p>Arthur Schnitzler verliebt sich als 25-J\u00e4hriger in die gleichaltrige Olga Waissnix, Thalhof-Wirtin in Reichenau, wie er es selbst nicht f\u00fcr m\u00f6glich gehalten hat. Sie ist seine \u201egrande passion\u201c \u2013 und bleibt doch die unvollendete Geliebte, die im Laufe der Jahre zur Seelenfreundin und Kameradin wird.<br>Mit keiner anderen Frau, die er geliebt hat, kann Schnitzler \u201eso gescheit reden\u201c wie mit ihr. Elf Jahre lang, von 1886 bis 1897, korrespondieren und treffen sich die beiden. Olga Waissnix ist es auch zu verdanken, dass aus dem Arzt wider Willen letztendlich der gro\u00dfe Schriftsteller wird. In die Zeit dieser ungew\u00f6hnlichen Beziehung fallen die Urauff\u00fchrungen seiner ersten St\u00fccke \u201eDas M\u00e4rchen\u201c und \u201eLiebelei\u201c.<br>Bisher stand diese Frau immer im Schatten Schnitzlers. Und doch war ihr Leben typisch f\u00fcr das einer Frau ihrer Gesellschaftsschicht. Die gelernte K\u00f6chin, die es durch Heirat nach Reichenau verschlug, gibt viele R\u00e4tsel auf: Woher stammte ihre Familie? Wieso verkehrte sie mit Adeligen und sogar mit dem Kaiserhaus? Was war der wahre Grund f\u00fcr ihren fr\u00fchen Tod?<br>Elisabeth-Joe Harriet hat sich auf eine spannende Spurensuche begeben und bisher unbekannte Dokumente entdeckt.<\/p>\n\n\n\n<h4 class=\"wp-block-heading\">Rezensionen<\/h4>\n\n\n\n<p><a href=\"https:\/\/www.v-a-n.at\/wp-content\/uploads\/Olga_N\u00d6N-03-2015.pdf\" target=\"_blank\" rel=\"noopener\">N\u00d6N am 13. M\u00e4rz 2015 (PDF)<\/a> | <a href=\"https:\/\/www.v-a-n.at\/wp-content\/uploads\/Olga_-OM-03-2015.pdf\" target=\"_blank\" rel=\"noopener\">Online Merker am 13. M\u00e4rz 2015 (PDF)<\/a><\/p>\n<\/div>\t<\/div>\r\n<\/div><\/div>\n<div class=\"panel panel-default pt-cv-content-item pt-cv-2-col\" >\r\n<div class=\"panel-heading pt-cv-title\">\r\n    <a class=\"panel-title\" data-toggle=\"cvcollapse\" data-parent=\"#4c640ac9sv\" data-target=\"#10594f89co\" href='https:\/\/www.v-a-n.at\/?p=1534' onclick='event.preventDefault()'>\r\n\t\tSisi\u2018s Verses english\t<\/a>\r\n\t<\/div>\r\n<div id=\"10594f89co\" class=\"panel-collapse collapse \">\r\n\t<div class=\"panel-body\">\r\n\t\t<div class=\"pt-cv-content\"><div class=\"wp-block-image\">\n<figure class=\"alignleft\"><img loading=\"lazy\" decoding=\"async\" width=\"250\" height=\"250\" src=\"https:\/\/www.v-a-n.at\/wp-content\/uploads\/2013\/09\/Sisis-Verses-Cover.jpg\" alt=\"\" class=\"wp-image-1535\" title=\"Sisis Verses\" srcset=\"https:\/\/www.v-a-n.at\/wp-content\/uploads\/2013\/09\/Sisis-Verses-Cover.jpg 250w, https:\/\/www.v-a-n.at\/wp-content\/uploads\/2013\/09\/Sisis-Verses-Cover-80x80.jpg 80w\" sizes=\"(max-width: 250px) 100vw, 250px\" \/><\/figure><\/div>\n\n\n<p><strong>The Poetic Diary of Empress Elisabeth<br>von Elisabeth-Joe Harriet<\/strong><\/p>\n\n\n\n<p>3. Auflage 2023 | 48 Seiten<br>\u20ac 11,00 | ISBN 978-3-9502497-5-0<\/p>\n\n\n\n<div class=\"wp-block-buttons is-layout-flex wp-block-buttons-is-layout-flex\">\n<div class=\"wp-block-button has-custom-font-size has-small-font-size\"><a class=\"wp-block-button__link has-background wp-element-button\" href=\"mailto:bestellung@v-a-n.at?subject=Bestellung&amp;body=Ich%20bestelle%20...%20St\u00fcck%20'Sisis%20Verses%20CD'%0A%0ARechnungsadresse:  %0A%0ALieferadresse:\" style=\"border-radius:5px;background-color:#990000\">Bestellen<\/a><\/div>\n<\/div>\n\n\n\n<p>Learn to know authentically Empress Elisabeth of Austria and her life. With her literary heritage, \u00bbThe Poetic Diary\u00ab, Sisi proved herself as an opponent of her own class. She critizises politics and she also gives evidence about her relationship to her husband Francis Joseph.<br>Find the first English translations of some of these poems in verse and rhyme.<\/p>\n<\/div>\t<\/div>\r\n<\/div><\/div>\n<div class=\"panel panel-default pt-cv-content-item pt-cv-2-col\" >\r\n<div class=\"panel-heading pt-cv-title\">\r\n    <a class=\"panel-title\" data-toggle=\"cvcollapse\" data-parent=\"#4c640ac9sv\" data-target=\"#cfb1bc9vpi\" href='https:\/\/www.v-a-n.at\/?p=1513' onclick='event.preventDefault()'>\r\n\t\tDas neue Brevier der Tiere\t<\/a>\r\n\t<\/div>\r\n<div id=\"cfb1bc9vpi\" class=\"panel-collapse collapse \">\r\n\t<div class=\"panel-body\">\r\n\t\t<div class=\"pt-cv-content\">\n<h2 class=\"wp-block-heading\"><strong><img loading=\"lazy\" decoding=\"async\" class=\"alignleft size-medium wp-image-1528\" title=\"Brevier S\u00e4ugetiere\" src=\"https:\/\/www.v-a-n.at\/wp-content\/uploads\/2013\/07\/Brevier-S\u00e4ugetiere-183x300.jpg\" alt=\"\" width=\"183\" height=\"300\" srcset=\"https:\/\/www.v-a-n.at\/wp-content\/uploads\/2013\/07\/Brevier-S\u00e4ugetiere-183x300.jpg 183w, https:\/\/www.v-a-n.at\/wp-content\/uploads\/2013\/07\/Brevier-S\u00e4ugetiere-61x100.jpg 61w, https:\/\/www.v-a-n.at\/wp-content\/uploads\/2013\/07\/Brevier-S\u00e4ugetiere.jpg 611w\" sizes=\"(max-width: 183px) 100vw, 183px\" \/>S\u00e4ugetiere<\/strong><\/h2>\n\n\n\n<p><strong>Eine literarische Sammlung herausgegeben und<br>kommentiert von Elisabeth-Joe Harriet<\/strong><\/p>\n\n\n\n<p>2. Auflage 2020 | 368 Seiten<br>\u20ac 16,50 | ISBN\u00a0 978-3-9503556-0-4<\/p>\n\n\n\n<div class=\"wp-block-buttons is-layout-flex wp-block-buttons-is-layout-flex\">\n<div class=\"wp-block-button has-custom-font-size has-small-font-size\"><a class=\"wp-block-button__link has-background wp-element-button\" href=\"mailto:bestellung@v-a-n.at?subject=Bestellung&amp;body=Ich%20bestelle%20...%20St\u00fcck%20'Das%20neue%20Brevier%20der%20Tiere,%20Teil%201%0A%0ARechnungsadresse: %0A%0ALieferadresse:\" style=\"border-radius:5px;background-color:#990000\">Bestellen<\/a><\/div>\n<\/div>\n\n\n\n<p>Kaum ein Dichter oder Schriftsteller, der nicht in Lyrik oder Prosa \u00fcber Tiere geschrieben hat. Die F\u00fclle dieser Werke ist so gro\u00df, dass die Herausgeberin sich im ersten Teil nur mit den literarischen Verewigungen der S\u00e4ugetiere befasst.<\/p>\n\n\n\n<p>Besonderer Augenmerk wird darauf gelegt, hier auch die unbekannteren Gedichte und Texte von Aesop bis zur Gegenwart in diese Sammlung aufzunehmen.<\/p>\n\n\n\n<p>Elisabeth-Joe Harriets Kommentare zu den Tieren und Autoren erg\u00e4nzt diesen Band noch auf ganz spezielle Weise und h\u00e4lt sich au\u00dferdem an die \u00fcbliche Raumaufteilung von Zoologischen Abteilungen. So kann dieses neue Tierbrevier auch als literarisch-informative Unterst\u00fctzung bei einem Museumsbesuch genutzt werden.<\/p>\n<\/div>\t<\/div>\r\n<\/div><\/div>\n<div class=\"panel panel-default pt-cv-content-item pt-cv-2-col\" >\r\n<div class=\"panel-heading pt-cv-title\">\r\n    <a class=\"panel-title\" data-toggle=\"cvcollapse\" data-parent=\"#4c640ac9sv\" data-target=\"#01b93d8hoq\" href='https:\/\/www.v-a-n.at\/?p=660' onclick='event.preventDefault()'>\r\n\t\tDer Schwiegerm\u00fctter eine\t<\/a>\r\n\t<\/div>\r\n<div id=\"01b93d8hoq\" class=\"panel-collapse collapse \">\r\n\t<div class=\"panel-body\">\r\n\t\t<div class=\"pt-cv-content\"><div class=\"wp-block-image\">\n<figure class=\"alignleft\"><img loading=\"lazy\" decoding=\"async\" width=\"177\" height=\"250\" src=\"http:\/\/van.elisabeth-joe-harriet.com\/wp-content\/uploads\/2012\/02\/schwiegermutter1.jpg\" alt=\"Der Schwiegerm\u00fctter eine\" class=\"wp-image-1144\" title=\"Der Schwiegerm\u00fctter eine\" srcset=\"https:\/\/www.v-a-n.at\/wp-content\/uploads\/2012\/02\/schwiegermutter1.jpg 177w, https:\/\/www.v-a-n.at\/wp-content\/uploads\/2012\/02\/schwiegermutter1-70x100.jpg 70w\" sizes=\"(max-width: 177px) 100vw, 177px\" \/><\/figure><\/div>\n\n\n<p><strong>Heitere Kurzgeschichten von Elisabeth-Joe Harriet<\/strong><\/p>\n\n\n\n<p>erschienen 2005<br>\u20ac 5,50 | ISBN 978-3-9502031-3-3<\/p>\n\n\n\n<div class=\"wp-block-buttons is-layout-flex wp-block-buttons-is-layout-flex\">\n<div class=\"wp-block-button has-custom-font-size has-small-font-size\"><a class=\"wp-block-button__link has-background wp-element-button\" href=\"mailto:bestellung@v-a-n.at?subject=Bestellung&amp;body=Ich%20bestelle%20...%20St\u00fcck%20'Der%20Schwiegerm\u00fctter%20eine'%0A%0ARechnungsadresse:  %0A%0ALieferadresse:\" style=\"border-radius:5px;background-color:#990000\">Bestellen<\/a><\/div>\n<\/div>\n\n\n\n<p class=\"has-text-align-left\">Wer hat sie nicht gehabt, die Erlebnisse mit der Schwiegermutter.<\/p>\n\n\n\n<p class=\"has-text-align-left\">Zu Zeiten als das Ehejoch auf ihr lastete und der Schwiegerm\u00fctter eine dem Ganzen noch die Jacketkronen aufsetzte, zu jenen Zeiten also, spielen folgende<span style=\"color: #990000;\"><strong> &#8222;Gar-Nicht-Geschichten&#8220;<\/strong><\/span> \u00fcber die &#8222;miefst\u00fctterliche&#8220; Behandlung der \u00fcber alles geliebten Schwiegertochter<\/p>\n<\/div>\t<\/div>\r\n<\/div><\/div><\/div><\/div><\/div><\/div>\n","protected":false},"excerpt":{"rendered":"<p>Manchmal ergibt es sich ganz einfach, dass B\u00fccher entstehen m\u00fcssen &#8211; gute Autoren geh\u00f6ren ganz einfach verlegt!<\/p>\n","protected":false},"author":1,"featured_media":1410,"parent":164,"menu_order":0,"comment_status":"open","ping_status":"open","template":"template-onecolumn.php","meta":{"footnotes":""},"_links":{"self":[{"href":"https:\/\/www.v-a-n.at\/index.php?rest_route=\/wp\/v2\/pages\/1360"}],"collection":[{"href":"https:\/\/www.v-a-n.at\/index.php?rest_route=\/wp\/v2\/pages"}],"about":[{"href":"https:\/\/www.v-a-n.at\/index.php?rest_route=\/wp\/v2\/types\/page"}],"author":[{"embeddable":true,"href":"https:\/\/www.v-a-n.at\/index.php?rest_route=\/wp\/v2\/users\/1"}],"replies":[{"embeddable":true,"href":"https:\/\/www.v-a-n.at\/index.php?rest_route=%2Fwp%2Fv2%2Fcomments&post=1360"}],"version-history":[{"count":9,"href":"https:\/\/www.v-a-n.at\/index.php?rest_route=\/wp\/v2\/pages\/1360\/revisions"}],"predecessor-version":[{"id":1712,"href":"https:\/\/www.v-a-n.at\/index.php?rest_route=\/wp\/v2\/pages\/1360\/revisions\/1712"}],"up":[{"embeddable":true,"href":"https:\/\/www.v-a-n.at\/index.php?rest_route=\/wp\/v2\/pages\/164"}],"wp:featuredmedia":[{"embeddable":true,"href":"https:\/\/www.v-a-n.at\/index.php?rest_route=\/wp\/v2\/media\/1410"}],"wp:attachment":[{"href":"https:\/\/www.v-a-n.at\/index.php?rest_route=%2Fwp%2Fv2%2Fmedia&parent=1360"}],"curies":[{"name":"wp","href":"https:\/\/api.w.org\/{rel}","templated":true}]}}