{"id":164,"date":"2012-01-04T13:57:20","date_gmt":"2012-01-04T12:57:20","guid":{"rendered":"http:\/\/juventus.wolzt.at\/?page_id=164"},"modified":"2024-05-08T22:32:17","modified_gmt":"2024-05-08T21:32:17","slug":"unsere-veranstaltungen","status":"publish","type":"page","link":"https:\/\/www.v-a-n.at\/?page_id=164","title":{"rendered":"Verlag Austria Nostra"},"content":{"rendered":"\n<h4 class=\"wp-block-heading\"><strong><span style=\"color: #990000;\">Spezialverlag f\u00fcr<br>Neuauflagen vergriffener deutschsprachiger<br>Literatur<br>Lyrik und Prosa<br>Englische Sondereditionen<br>Literarische F\u00fchrer<\/span><\/strong><\/h4>\n\n\n\n<p>Im Zuge der Recherchen f\u00fcr meine literarisch-musikalischen Pfade und Entdeckungsfahrten stie\u00df ich immer wieder auf vergriffene Werke von \u00f6sterreichischen Autorinnen und Autoren, deren Werke ich nun wieder neu auflege:<\/p>\n\n\n\n<ul id=\"meinul\">\n<li>Das Schreiben liegt in der Familie: Schon die Tante von Barbara Frischmuth war die bekannte Autorin <span style=\"color: #990000;\">Felicitas Frischmuth-Riedl.<\/span> Ihr Gesamtwerk in drei B\u00e4nden liegt nun wieder auf.<\/li>\n\n\n\n<li>Vierundzwanzig Jahre lang Nachbar von Thomas Bernhard gewesen zu sein, davon erz\u00e4hlt in ganz spezieller Weise <span style=\"color: #990000;\">Johann Maxwald<\/span>.<\/li>\n\n\n\n<li>Die Mundartdichtungen der <span style=\"color: #990000;\">Erna Kozibratka<\/span>, die erst in sp\u00e4ten Jahren als Schreibende Karriere machte, sind selbst von Trude Marzik hoch gepriesen worden.<\/li>\n\n\n\n<li>Neu auf dem Literaturmarkt die Lyrik und Kurz-Prosa von <span style=\"color: #990000;\">Manfred Waldenmair-Lackenbach<\/span>.<\/li>\n\n\n\n<li>Einige meiner \u00a0<span style=\"color: #990000;\">literarisch-musikalischen Pfade<\/span>\u00a0liegen nun auch nachgeh-, nachles- bzw. h\u00f6rbar auf, wie u.a.:<br>+ das H\u00f6rbuch \u201eSisi Intim &#8211; Das Poetische Tagebuch der Kaiserin Elisabeth\u201c, das eine andere, entkitschte und authentische <span style=\"color: #990000;\">Sisi<\/span> zeigt. Und in dem bebilderten B\u00fcchlein \u201eSisi\u2018s Verses &#8211; The Poetic Diary of Empress Elisabeth\u201c neben einer Biographie erstmals einige Gedichte der Kaiserin in Reim und Vers ins Englische \u00fcbersetzt.<br>+ Auch <span style=\"color: #990000;\">Mozart<\/span> ist eine Pers\u00f6nlichkeit, die nach wie vor sehr verf\u00e4lscht dargestellt wird. Daher in Deutsch und Englisch \u201eWolfgang Amad\u00e9 &#8211; Dichtung und Wahrheit\u201c. Gef\u00fchrt von Mozarts Lieblingshund Gaukerl pfadieren Sie vom ersten bis zum letzten Wiener Auftritt und erfahren viel Neues \u00fcber das Musikgenie.<br>+ Endlich wieder im Programm \u201eIch bin auf Kur am Semmering\u201c, der Erinnerungsband an das <span style=\"color: #990000;\">Kurhaus Semmering<\/span> und seine ber\u00fchmten G\u00e4ste.<\/li>\n\n\n\n<li>In Zusammenarbeit mit dem Amalthea Verlag entstand \u201eDie unvollendete Geliebte\u201c, die Geschichte der Liebe zwischen <span style=\"color: #990000;\">Arthur Schnitzler und Olga Waissnix<\/span>.<\/li>\n<\/ul>\n\n\n\n<p>Danke f\u00fcr Ihr Interesse<br><em>Elisabeth-Joe Harriet<\/em><\/p>\n","protected":false},"excerpt":{"rendered":"<p>Spezialverlag f\u00fcrNeuauflagen vergriffener deutschsprachigerLiteraturLyrik und ProsaEnglische SondereditionenLiterarische F\u00fchrer Im Zuge der Recherchen f\u00fcr meine literarisch-musikalischen Pfade und Entdeckungsfahrten stie\u00df ich immer wieder auf vergriffene Werke von \u00f6sterreichischen Autorinnen und Autoren, deren Werke ich nun wieder neu auflege: Danke f\u00fcr Ihr InteresseElisabeth-Joe Harriet<\/p>\n","protected":false},"author":1,"featured_media":0,"parent":0,"menu_order":0,"comment_status":"open","ping_status":"open","template":"template-twocolumnsright.php","meta":{"footnotes":""},"_links":{"self":[{"href":"https:\/\/www.v-a-n.at\/index.php?rest_route=\/wp\/v2\/pages\/164"}],"collection":[{"href":"https:\/\/www.v-a-n.at\/index.php?rest_route=\/wp\/v2\/pages"}],"about":[{"href":"https:\/\/www.v-a-n.at\/index.php?rest_route=\/wp\/v2\/types\/page"}],"author":[{"embeddable":true,"href":"https:\/\/www.v-a-n.at\/index.php?rest_route=\/wp\/v2\/users\/1"}],"replies":[{"embeddable":true,"href":"https:\/\/www.v-a-n.at\/index.php?rest_route=%2Fwp%2Fv2%2Fcomments&post=164"}],"version-history":[{"count":13,"href":"https:\/\/www.v-a-n.at\/index.php?rest_route=\/wp\/v2\/pages\/164\/revisions"}],"predecessor-version":[{"id":1731,"href":"https:\/\/www.v-a-n.at\/index.php?rest_route=\/wp\/v2\/pages\/164\/revisions\/1731"}],"wp:attachment":[{"href":"https:\/\/www.v-a-n.at\/index.php?rest_route=%2Fwp%2Fv2%2Fmedia&parent=164"}],"curies":[{"name":"wp","href":"https:\/\/api.w.org\/{rel}","templated":true}]}}